{"id":118,"date":"2020-01-21T09:30:21","date_gmt":"2020-01-21T08:30:21","guid":{"rendered":"https:\/\/alba-nova.be\/?page_id=118"},"modified":"2025-04-04T15:20:03","modified_gmt":"2025-04-04T13:20:03","slug":"liens","status":"publish","type":"page","link":"https:\/\/alba-nova.be\/index.php\/liens\/","title":{"rendered":"Partenariats et autres liens"},"content":{"rendered":"\r\n<p><strong>Dans la r\u00e9gion de Malmedy, nous avons eu le plaisir de collaborer avec<\/strong><\/p>\r\n\r\n\r\n\r\n<p><a href=\"http:\/\/www.accordames.be\/\">Accord&rsquo;\u00c2mes<\/a> lors de ce <a href=\"https:\/\/alba-nova.be\/index.php\/2023\/03\/01\/gala-avec-vivaldi-25-03-2023\/\">projet<\/a> en mars 2023<\/p>\r\n\r\n\r\n\r\n<p><a href=\"https:\/\/mvweywertzblog.wordpress.com\/\">Musikvereins \u00ab\u00a0Zur alten Linde\u00a0\u00bb Weywertz<\/a> lors de trois concerts, l&rsquo;un \u00e0 <a href=\"https:\/\/alba-nova.be\/index.php\/2020\/01\/20\/concert-destiiny-a-malmedy-19-10-2019\/\">Malmedy<\/a>, les deux autres \u00e0 <a href=\"https:\/\/alba-nova.be\/index.php\/2020\/01\/20\/concert-destiiny-a-saint-vith-14-12-2019\/\">Saint-Vith<\/a> et \u00e0 Waimes<\/p>\r\n\r\n\r\n\r\n<p><a href=\"http:\/\/www.echodescharmilles.be\/\" target=\"_blank\" rel=\"noreferrer noopener\">Le Brass Band Echo des Charmilles\u00a0de Xhoffraix<\/a><\/p>\r\n\r\n\r\n\r\n<p>Si vous souhaitez vous aussi construire un projet collaboratif avec nous, n&rsquo;h\u00e9sitez pas \u00e0 nous<a href=\"https:\/\/alba-nova.be\/index.php\/contacts\/\"> contacter ici. <\/a><\/p>\r\n\r\n\r\n\r\n<div class=\"wp-block-buttons alignwide is-content-justification-center is-layout-flex wp-container-core-buttons-is-layout-1 wp-block-buttons-is-layout-flex\">\r\n<div class=\"wp-block-button is-style-fill\"><a class=\"wp-block-button__link wp-element-button\" href=\"https:\/\/alba-nova.be\/index.php\/agenda\/\">Pour nos prochains concerts, RDV dans l&rsquo;agenda d&rsquo;Alba Nova<\/a><\/div>\r\n<\/div>\r\n\r\n\r\n\r\n<p><strong>Et pour encore + de musique, voici une liste non exhaustive des autres soci\u00e9t\u00e9s, chorales et associations musicales du coin:<\/strong><\/p>\r\n\r\n\r\n\r\n<p><a href=\"http:\/\/www.mandoline.be\">Cercle royal des Mandolinistes de Malmedy<\/a><\/p>\r\n\r\n\r\n\r\n<p><a class=\"C-4\" href=\"http:\/\/www.malmedienne.be\/\" target=\"_blank\" rel=\"noopener noreferrer\">La Royale Malm\u00e9dienne<\/a><\/p>\r\n\r\n\r\n\r\n<p><a class=\"C-4\" href=\"https:\/\/www.facebook.com\/fraternitedemalmedy\" target=\"_blank\" rel=\"noopener noreferrer\">La Royale Harmonie la Fraternit\u00e9<\/a><\/p>\r\n\r\n\r\n\r\n<p><a class=\"C-4\" href=\"http:\/\/www.rcw.be\/\" target=\"_blank\" rel=\"noopener noreferrer\">Royal Club Wallon<\/a><\/p>\r\n\r\n\r\n\r\n<p><a class=\"C-4\" href=\"https:\/\/www.facebook.com\/union1847\/?locale=fr_FR\" target=\"_blank\" rel=\"noopener noreferrer\">Royale Union Wallone 1847<\/a><\/p>\r\n\r\n\r\n\r\n<p><a class=\"C-4\" href=\"https:\/\/www.facebook.com\/royaleechowarche?locale=fr_FR\" target=\"_blank\" rel=\"noopener noreferrer\">Echo de la Warche<\/a><\/p>\r\n\r\n\r\n\r\n<p class=\"has-text-align-left\"><a href=\"http:\/\/www.apsam.be\">F\u00e9d\u00e9ration musicale APSAM<\/a><\/p>\r\n ","protected":false},"excerpt":{"rendered":"<p>Dans la r\u00e9gion de Malmedy, nous avons eu le plaisir de collaborer avec Accord&rsquo;\u00c2mes lors de ce projet en mars 2023 Musikvereins \u00ab\u00a0Zur alten Linde\u00a0\u00bb Weywertz lors de trois concerts, l&rsquo;un \u00e0 Malmedy, les deux autres \u00e0 Saint-Vith et \u00e0 Waimes Le Brass Band Echo des Charmilles\u00a0de Xhoffraix Si vous souhaitez vous aussi construire un &#8230; <a title=\"Partenariats et autres liens\" class=\"read-more\" href=\"https:\/\/alba-nova.be\/index.php\/liens\/\" aria-label=\"En savoir plus sur Partenariats et autres liens\">Lire la suite<\/a><\/p>\n","protected":false},"author":2,"featured_media":0,"parent":0,"menu_order":0,"comment_status":"closed","ping_status":"closed","template":"","meta":{"sfsi_plus_gutenberg_text_before_share":"","sfsi_plus_gutenberg_show_text_before_share":"","sfsi_plus_gutenberg_icon_type":"","sfsi_plus_gutenberg_icon_alignemt":"","sfsi_plus_gutenburg_max_per_row":"","footnotes":""},"class_list":["post-118","page","type-page","status-publish"],"_links":{"self":[{"href":"https:\/\/alba-nova.be\/index.php\/wp-json\/wp\/v2\/pages\/118","targetHints":{"allow":["GET"]}}],"collection":[{"href":"https:\/\/alba-nova.be\/index.php\/wp-json\/wp\/v2\/pages"}],"about":[{"href":"https:\/\/alba-nova.be\/index.php\/wp-json\/wp\/v2\/types\/page"}],"author":[{"embeddable":true,"href":"https:\/\/alba-nova.be\/index.php\/wp-json\/wp\/v2\/users\/2"}],"replies":[{"embeddable":true,"href":"https:\/\/alba-nova.be\/index.php\/wp-json\/wp\/v2\/comments?post=118"}],"version-history":[{"count":15,"href":"https:\/\/alba-nova.be\/index.php\/wp-json\/wp\/v2\/pages\/118\/revisions"}],"predecessor-version":[{"id":466,"href":"https:\/\/alba-nova.be\/index.php\/wp-json\/wp\/v2\/pages\/118\/revisions\/466"}],"wp:attachment":[{"href":"https:\/\/alba-nova.be\/index.php\/wp-json\/wp\/v2\/media?parent=118"}],"curies":[{"name":"wp","href":"https:\/\/api.w.org\/{rel}","templated":true}]}}